{"id":840,"date":"2026-03-06T13:06:51","date_gmt":"2026-03-06T12:06:51","guid":{"rendered":"https:\/\/harte.it\/promo\/?page_id=840"},"modified":"2026-03-06T13:07:57","modified_gmt":"2026-03-06T12:07:57","slug":"catalogo","status":"publish","type":"page","link":"https:\/\/harte.it\/promo\/cucine\/catalogo\/","title":{"rendered":"Hart\u00e8 Cucine Catalogo"},"content":{"rendered":"\n<div class=\"wp-block-group alignfull has-base-color has-accent-1-background-color has-text-color has-background has-link-color wp-elements-aa4e3f41f3cccf7ce3cabda8451971bc has-global-padding is-layout-constrained wp-block-group-is-layout-constrained\" style=\"margin-top:0;margin-bottom:0;padding-top:var(--wp--preset--spacing--40);padding-bottom:var(--wp--preset--spacing--70);background-image:url(&apos;https:\/\/harte.it\/promo\/wp-content\/uploads\/2026\/03\/hero-promo-cucine-catalogo2.jpg&apos;);background-position:50% 37%;background-size:cover;\">\n<div class=\"wp-block-columns is-layout-flex wp-container-core-columns-is-layout-28f84493 wp-block-columns-is-layout-flex\">\n<div class=\"wp-block-column is-vertically-aligned-center is-layout-flow wp-container-core-column-is-layout-563ccc73 wp-block-column-is-layout-flow\" style=\"padding-top:var(--wp--preset--spacing--20);padding-right:0;padding-bottom:0;padding-left:0\">\n<figure class=\"wp-block-image aligncenter size-full is-resized\" style=\"margin-top:0;margin-bottom:0\"><img loading=\"lazy\" decoding=\"async\" width=\"300\" height=\"145\" src=\"https:\/\/harte.it\/promo\/wp-content\/uploads\/2026\/03\/logo-harte.png\" alt=\"\" class=\"wp-image-510\" style=\"aspect-ratio:2.0693333333333332;width:110px;height:auto\"\/><\/figure>\n\n\n\n<div style=\"height:11px\" aria-hidden=\"true\" class=\"wp-block-spacer\"><\/div>\n<\/div>\n<\/div>\n\n\n\n<div class=\"wp-block-columns alignwide are-vertically-aligned-top is-layout-flex wp-container-core-columns-is-layout-455a2e0d wp-block-columns-is-layout-flex\" style=\"padding-right:0;padding-left:0\">\n<div class=\"wp-block-column is-vertically-aligned-top is-layout-flow wp-block-column-is-layout-flow\" style=\"padding-right:0;padding-left:0;flex-basis:30%\">\n<figure class=\"wp-block-image size-full is-resized block-visibility-hide-medium-screen block-visibility-hide-small-screen\"><img loading=\"lazy\" decoding=\"async\" width=\"441\" height=\"500\" src=\"https:\/\/harte.it\/promo\/wp-content\/uploads\/2026\/03\/mockup-catalogo-promo-cucine26.png\" alt=\"\" class=\"wp-image-524\" style=\"box-shadow:none;aspect-ratio:0.7070022969996922;object-fit:cover;width:226px;height:auto\" srcset=\"https:\/\/harte.it\/promo\/wp-content\/uploads\/2026\/03\/mockup-catalogo-promo-cucine26.png 441w, https:\/\/harte.it\/promo\/wp-content\/uploads\/2026\/03\/mockup-catalogo-promo-cucine26-265x300.png 265w\" sizes=\"auto, (max-width: 441px) 100vw, 441px\" \/><\/figure>\n\n\n\n<figure class=\"wp-block-image aligncenter size-full is-resized block-visibility-hide-large-screen\"><img loading=\"lazy\" decoding=\"async\" width=\"441\" height=\"500\" src=\"https:\/\/harte.it\/promo\/wp-content\/uploads\/2026\/03\/mockup-catalogo-promo-cucine26.png\" alt=\"\" class=\"wp-image-524\" style=\"box-shadow:none;aspect-ratio:0.7070022969996922;object-fit:cover;width:116px;height:auto\" srcset=\"https:\/\/harte.it\/promo\/wp-content\/uploads\/2026\/03\/mockup-catalogo-promo-cucine26.png 441w, https:\/\/harte.it\/promo\/wp-content\/uploads\/2026\/03\/mockup-catalogo-promo-cucine26-265x300.png 265w\" sizes=\"auto, (max-width: 441px) 100vw, 441px\" \/><\/figure>\n\n\n\n<div class=\"wp-block-group has-global-padding is-layout-constrained wp-block-group-is-layout-constrained block-visibility-hide-medium-screen block-visibility-hide-small-screen\">\n<h2 class=\"wp-block-heading has-text-align-left\"><strong>Scarica il catalogo<\/strong><br>Promo Cucine <strong>Hart\u00e8.<\/strong><\/h2>\n\n\n\n<p class=\"has-text-align-left has-medium-font-size\">Approfitta ora di tutti gli articoli in promozione: <br>cucine <strong>fino al -50%<\/strong>, <strong>top in ceramica OMAGGIO<\/strong>, elettrodomestici e complementi d\u2019arredo in offerta, anche con <strong>pagamenti in comode rate<\/strong>. <br><\/p>\n<\/div>\n\n\n\n<div class=\"wp-block-group has-global-padding is-layout-constrained wp-block-group-is-layout-constrained block-visibility-hide-large-screen\">\n<h2 class=\"wp-block-heading has-text-align-center\"><strong>Scarica il catalogo<\/strong><br>Promo Cucine <strong>Hart\u00e8.<\/strong><\/h2>\n<\/div>\n<\/div>\n\n\n\n<div class=\"wp-block-column is-vertically-aligned-top has-accent-1-background-color has-background is-layout-flow wp-block-column-is-layout-flow\" style=\"padding-top:var(--wp--preset--spacing--30);padding-right:var(--wp--preset--spacing--30);padding-bottom:var(--wp--preset--spacing--30);padding-left:var(--wp--preset--spacing--30)\">\n<p class=\"has-base-color has-text-color has-link-color has-x-large-font-size wp-elements-b2b35852f63b4849d3090b910bcfea41\" style=\"padding-right:var(--wp--preset--spacing--30);padding-left:var(--wp--preset--spacing--30)\"><strong>COMPILA IL FORM<\/strong><\/p>\n\n\n\n<p class=\"has-base-color has-text-color has-link-color wp-elements-4eba575fda7775a8978fa8826cc911eb\" style=\"margin-top:0px;padding-right:var(--wp--preset--spacing--30);padding-left:var(--wp--preset--spacing--30);font-size:clamp(14px, 0.875rem + ((1vw - 3.2px) * 0.196), 16px);\">Scarica il catalogo e aderisci alla <strong>Promo Cucine Hart\u00e8.<\/strong><\/p>\n\n\n\n<p class=\"has-base-color has-text-color has-link-color wp-elements-bb45173041fa72316c4d23699d27656d\" style=\"margin-top:0px;padding-right:var(--wp--preset--spacing--30);padding-left:var(--wp--preset--spacing--30);font-size:clamp(14px, 0.875rem + ((1vw - 3.2px) * 0.196), 16px);\">Un nostro arredatore ti contatter\u00e0 per fissare un appuntamento per una consulenza dedicata.<\/p>\n\n\n\n<div class=\"wp-block-contact-form-7-contact-form-selector\">\n<div class=\"wpcf7 no-js\" id=\"wpcf7-f732-o1\" lang=\"it-IT\" dir=\"ltr\" data-wpcf7-id=\"732\">\n<div class=\"screen-reader-response\"><p role=\"status\" aria-live=\"polite\" aria-atomic=\"true\"><\/p> <ul><\/ul><\/div>\n<form action=\"\/promo\/wp-json\/wp\/v2\/pages\/840#wpcf7-f732-o1\" method=\"post\" class=\"wpcf7-form init\" aria-label=\"Contact form\" novalidate=\"novalidate\" data-status=\"init\">\n<fieldset class=\"hidden-fields-container\"><input type=\"hidden\" name=\"_wpcf7\" value=\"732\" \/><input type=\"hidden\" name=\"_wpcf7_version\" value=\"6.1.5\" \/><input type=\"hidden\" name=\"_wpcf7_locale\" value=\"it_IT\" \/><input type=\"hidden\" name=\"_wpcf7_unit_tag\" value=\"wpcf7-f732-o1\" \/><input type=\"hidden\" name=\"_wpcf7_container_post\" value=\"0\" \/><input type=\"hidden\" name=\"_wpcf7_posted_data_hash\" value=\"\" \/>\n<\/fieldset>\n<div class=\"hart-grid-container\">\n\t<div class=\"hart-column\">\n\t\t<p><span class=\"wpcf7-form-control-wrap\" data-name=\"nome\"><input size=\"40\" maxlength=\"400\" class=\"wpcf7-form-control wpcf7-text wpcf7-validates-as-required\" aria-required=\"true\" aria-invalid=\"false\" placeholder=\"Nome*\" value=\"\" type=\"text\" name=\"nome\" \/><\/span>\n\t\t<\/p>\n\t<\/div>\n\t<div class=\"hart-column\">\n\t\t<p><span class=\"wpcf7-form-control-wrap\" data-name=\"cognome\"><input size=\"40\" maxlength=\"400\" class=\"wpcf7-form-control wpcf7-text wpcf7-validates-as-required\" aria-required=\"true\" aria-invalid=\"false\" placeholder=\"Cognome*\" value=\"\" type=\"text\" name=\"cognome\" \/><\/span>\n\t\t<\/p>\n\t<\/div>\n\t<div class=\"hart-column\">\n\t\t<p><span class=\"wpcf7-form-control-wrap\" data-name=\"telefono\"><input size=\"40\" maxlength=\"400\" class=\"wpcf7-form-control wpcf7-tel wpcf7-validates-as-required wpcf7-text wpcf7-validates-as-tel\" aria-required=\"true\" aria-invalid=\"false\" placeholder=\"Telefono*\" value=\"\" type=\"tel\" name=\"telefono\" \/><\/span>\n\t\t<\/p>\n\t<\/div>\n\t<div class=\"hart-column\">\n\t\t<p><span class=\"wpcf7-form-control-wrap\" data-name=\"email\"><input size=\"40\" maxlength=\"400\" class=\"wpcf7-form-control wpcf7-email wpcf7-validates-as-required wpcf7-text wpcf7-validates-as-email\" aria-required=\"true\" aria-invalid=\"false\" placeholder=\"Email*\" value=\"\" type=\"email\" name=\"email\" \/><\/span>\n\t\t<\/p>\n\t<\/div>\n\t<div class=\"hart-full-width\">\n\t\t<p><label class=\"hart-label\">Sede*<\/label><span class=\"wpcf7-form-control-wrap\" data-name=\"sede\"><select class=\"wpcf7-form-control wpcf7-select wpcf7-validates-as-required\" aria-required=\"true\" aria-invalid=\"false\" name=\"sede\"><option value=\"\">Seleziona una sede<\/option><option value=\"Lazio \u2013 Roma Monteverde\">Lazio \u2013 Roma Monteverde<\/option><option value=\"Lazio \u2013 Roma Boccea\">Lazio \u2013 Roma Boccea<\/option><option value=\"Lazio \u2013 Roma Marconi\">Lazio \u2013 Roma Marconi<\/option><option value=\"Lazio \u2013 Roma Aurelia\">Lazio \u2013 Roma Aurelia<\/option><option value=\"Lazio \u2013 Roma Tuscolana\">Lazio \u2013 Roma Tuscolana<\/option><option value=\"Lazio \u2013 Palestrina\">Lazio \u2013 Palestrina<\/option><option value=\"Lazio \u2013 Frosinone\">Lazio \u2013 Frosinone<\/option><option value=\"Lazio \u2013 Latina\">Lazio \u2013 Latina<\/option><option value=\"Lombardia \u2013 Lissone\">Lombardia \u2013 Lissone<\/option><option value=\"Sicilia \u2013 Mazara del Vallo (Trapani)\">Sicilia \u2013 Mazara del Vallo (Trapani)<\/option><\/select><\/span>\n\t\t<\/p>\n\t<\/div>\n\t<div class=\"hart-full-width\">\n\t\t<p><span class=\"wpcf7-form-control-wrap\" data-name=\"dettagli\"><textarea cols=\"40\" rows=\"3\" maxlength=\"2000\" class=\"wpcf7-form-control wpcf7-textarea\" aria-invalid=\"false\" placeholder=\"Aggiungi dettagli alla tua prenotazione...\" name=\"dettagli\"><\/textarea><\/span>\n\t\t<\/p>\n\t<\/div>\n\t<div class=\"hart-full-width hart-acceptance\">\n\t\t<p><span class=\"wpcf7-form-control-wrap\" data-name=\"acceptance-privacy\"><span class=\"wpcf7-form-control wpcf7-acceptance\"><span class=\"wpcf7-list-item\"><label><input type=\"checkbox\" name=\"acceptance-privacy\" value=\"1\" aria-invalid=\"false\" \/><span class=\"wpcf7-list-item-label\">Ho letto l'informativa sulla privacy e acconsento al trattamento dei dati personali<\/span><\/label><\/span><\/span><\/span>\n\t\t<\/p>\n\t<\/div>\n\t<div class=\"hart-full-width hart-acceptance\">\n\t\t<p><span class=\"wpcf7-form-control-wrap\" data-name=\"acceptance-newsletter\"><span class=\"wpcf7-form-control wpcf7-acceptance optional\"><span class=\"wpcf7-list-item\"><label><input type=\"checkbox\" name=\"acceptance-newsletter\" value=\"1\" aria-invalid=\"false\" \/><span class=\"wpcf7-list-item-label\">Acconsento a iscrivermi alla newsletter di Hart\u00e8<\/span><\/label><\/span><\/span><\/span>\n\t\t<\/p>\n\t<\/div>\n\t<div class=\"hart-full-width hart-quiz-row\">\n\t\t<p><span class=\"wpcf7-form-control-wrap\" data-name=\"quiz-sicurezza\"><label><span class=\"wpcf7-quiz-label\">Quale dei due numeri \u00e8 minore tra 74 e 80?<\/span> <input size=\"40\" class=\"wpcf7-form-control wpcf7-quiz\" autocomplete=\"off\" aria-required=\"true\" aria-invalid=\"false\" type=\"text\" name=\"quiz-sicurezza\" \/><\/label><input type=\"hidden\" name=\"_wpcf7_quiz_answer_quiz-sicurezza\" value=\"91bd136b703763c00811ae6942af2ed1\" \/><\/span>\n\t\t<\/p>\n\t<\/div>\n<input class=\"wpcf7-form-control wpcf7-hidden\" value=\"catalogo\" type=\"hidden\" name=\"form_type\" \/>\n<input class=\"wpcf7-form-control wpcf7-hidden\" value=\"\" type=\"hidden\" name=\"utm_source\" \/>\n<input class=\"wpcf7-form-control wpcf7-hidden\" value=\"\" type=\"hidden\" name=\"utm_medium\" \/>\n<input class=\"wpcf7-form-control wpcf7-hidden\" value=\"\" type=\"hidden\" name=\"utm_campaign\" \/>\n<input class=\"wpcf7-form-control wpcf7-hidden\" value=\"\" type=\"hidden\" name=\"utm_term\" \/>\n<input class=\"wpcf7-form-control wpcf7-hidden\" value=\"\" type=\"hidden\" name=\"utm_content\" \/>\n\t<div class=\"hart-full-width hart-submit\">\n\t\t<p><input class=\"wpcf7-form-control wpcf7-submit has-spinner\" type=\"submit\" value=\"RICHIEDI UN APPUNTAMENTO E IL CATALOGO CUCINE HART\u00c8\" \/>\n\t\t<\/p>\n\t<\/div>\n<\/div><div class=\"wpcf7-response-output\" aria-hidden=\"true\"><\/div>\n<\/form>\n<\/div>\n<\/div>\n<\/div>\n<\/div>\n<\/div>\n\n\n\n<div class=\"wp-block-group alignfull has-accent-1-background-color has-background is-layout-flow wp-block-group-is-layout-flow\" style=\"padding-bottom:var(--wp--preset--spacing--50)\">\n<div style=\"height:31px\" aria-hidden=\"true\" class=\"wp-block-spacer\"><\/div>\n\n\n\n<figure class=\"wp-block-image aligncenter size-full is-resized\" style=\"margin-top:0\"><img loading=\"lazy\" decoding=\"async\" width=\"204\" height=\"76\" src=\"https:\/\/harte.it\/promo\/wp-content\/uploads\/2026\/03\/Logo-harte\u0300-white-1.png\" alt=\"\" class=\"wp-image-192\" style=\"width:123px;height:auto\"\/><\/figure>\n\n\n\n<p class=\"has-text-align-center has-base-color has-text-color has-link-color wp-elements-41f21af9372913f83125728f866e0454\" style=\"margin-right:var(--wp--preset--spacing--70);margin-left:var(--wp--preset--spacing--70);font-size:0.75rem\">PIVA: 0899031007<\/p>\n\n\n\n<p class=\"has-text-align-center has-base-color has-text-color has-link-color wp-elements-c87d5ee2b5876bc90786af8ed2230eb2\" style=\"margin-top:0;margin-right:0;margin-left:0;font-size:0.75rem\">Privacy Policy &#8211; Cookie Policy &#8211; Preferenze Cookie<\/p>\n<\/div>\n","protected":false},"excerpt":{"rendered":"<p>Scarica il catalogoPromo Cucine Hart\u00e8. Approfitta ora di tutti gli articoli in promozione: cucine fino al -50%, top in ceramica OMAGGIO, elettrodomestici e complementi d\u2019arredo in offerta, anche con pagamenti in comode rate. Scarica il catalogoPromo Cucine Hart\u00e8. COMPILA IL FORM Scarica il catalogo e aderisci alla Promo Cucine Hart\u00e8. Un nostro arredatore ti contatter\u00e0 [&hellip;]<\/p>\n","protected":false},"author":1,"featured_media":0,"parent":14,"menu_order":0,"comment_status":"closed","ping_status":"closed","template":"","meta":{"footnotes":""},"class_list":["post-840","page","type-page","status-publish","hentry"],"_links":{"self":[{"href":"https:\/\/harte.it\/promo\/wp-json\/wp\/v2\/pages\/840","targetHints":{"allow":["GET"]}}],"collection":[{"href":"https:\/\/harte.it\/promo\/wp-json\/wp\/v2\/pages"}],"about":[{"href":"https:\/\/harte.it\/promo\/wp-json\/wp\/v2\/types\/page"}],"author":[{"embeddable":true,"href":"https:\/\/harte.it\/promo\/wp-json\/wp\/v2\/users\/1"}],"replies":[{"embeddable":true,"href":"https:\/\/harte.it\/promo\/wp-json\/wp\/v2\/comments?post=840"}],"version-history":[{"count":2,"href":"https:\/\/harte.it\/promo\/wp-json\/wp\/v2\/pages\/840\/revisions"}],"predecessor-version":[{"id":843,"href":"https:\/\/harte.it\/promo\/wp-json\/wp\/v2\/pages\/840\/revisions\/843"}],"up":[{"embeddable":true,"href":"https:\/\/harte.it\/promo\/wp-json\/wp\/v2\/pages\/14"}],"wp:attachment":[{"href":"https:\/\/harte.it\/promo\/wp-json\/wp\/v2\/media?parent=840"}],"curies":[{"name":"wp","href":"https:\/\/api.w.org\/{rel}","templated":true}]}}